{"id":521,"date":"2023-11-23T10:06:40","date_gmt":"2023-11-23T09:06:40","guid":{"rendered":"https:\/\/alexandrin-dical-portofolio.ovh\/?page_id=521"},"modified":"2023-12-03T17:24:59","modified_gmt":"2023-12-03T16:24:59","slug":"cv","status":"publish","type":"page","link":"https:\/\/alexandrin-dical-portofolio.ovh\/index.php\/cv\/","title":{"rendered":"cv"},"content":{"rendered":"<div data-colibri-id=\"521-c1\" class=\"style-906 style-local-521-c1 position-relative\">\n  <!---->\n  <div data-colibri-component=\"section\" data-colibri-id=\"521-c2\" id=\"custom\" class=\"h-section h-section-global-spacing d-flex align-items-lg-center align-items-md-center align-items-center style-907 style-local-521-c2 position-relative\">\n    <!---->\n    <!---->\n    <div class=\"h-section-grid-container h-section-boxed-container\">\n      <!---->\n      <div data-colibri-id=\"521-c3\" class=\"h-row-container gutters-row-lg-2 gutters-row-md-2 gutters-row-0 gutters-row-v-lg-2 gutters-row-v-md-2 gutters-row-v-2 style-908 style-local-521-c3 position-relative\">\n        <!---->\n        <div class=\"h-row justify-content-lg-center justify-content-md-center justify-content-center align-items-lg-stretch align-items-md-stretch align-items-stretch gutters-col-lg-2 gutters-col-md-2 gutters-col-0 gutters-col-v-lg-2 gutters-col-v-md-2 gutters-col-v-2\">\n          <!---->\n          <div class=\"h-column h-column-container d-flex h-col-lg-auto h-col-md-auto h-col-auto style-909-outer style-local-521-c4-outer\">\n            <div data-colibri-id=\"521-c4\" class=\"d-flex h-flex-basis h-column__inner h-ui-empty-state-container h-px-lg-2 h-px-md-2 h-px-2 v-inner-lg-2 v-inner-md-2 v-inner-2 style-909 style-local-521-c4 position-relative\">\n              <!---->\n              <!---->\n              <div class=\"w-100 h-y-container h-column__content h-column__v-align flex-basis-100\">\n                <!---->\n              <\/div>\n            <\/div>\n          <\/div>\n        <\/div>\n      <\/div>\n    <\/div>\n  <\/div>\n  <div data-colibri-component=\"section\" data-colibri-id=\"521-c5\" id=\"custom-2\" class=\"h-section h-section-global-spacing d-flex align-items-lg-start align-items-md-start align-items-start style-910 style-local-521-c5 position-relative\">\n    <!---->\n    <!---->\n    <div class=\"h-section-grid-container h-section-boxed-container\">\n      <!---->\n      <div data-colibri-id=\"521-c6\" class=\"h-row-container gutters-row-lg-2 gutters-row-md-2 gutters-row-0 gutters-row-v-lg-2 gutters-row-v-md-2 gutters-row-v-2 style-911 style-local-521-c6 position-relative\">\n        <!---->\n        <div class=\"h-row justify-content-lg-center justify-content-md-center justify-content-center align-items-lg-stretch align-items-md-stretch align-items-stretch gutters-col-lg-2 gutters-col-md-2 gutters-col-0 gutters-col-v-lg-2 gutters-col-v-md-2 gutters-col-v-2\">\n          <!---->\n          <div class=\"h-column h-column-container d-flex h-col-lg-auto h-col-md-auto h-col-auto style-912-outer style-local-521-c7-outer\">\n            <div data-colibri-id=\"521-c7\" class=\"d-flex h-flex-basis h-column__inner h-px-lg-2 h-px-md-2 h-px-2 v-inner-lg-2 v-inner-md-2 v-inner-2 style-912 style-local-521-c7 position-relative\">\n              <!---->\n              <!---->\n              <div class=\"w-100 h-y-container h-column__content h-column__v-align flex-basis-100 align-self-lg-center align-self-md-center align-self-center\">\n                <!---->\n                <div data-colibri-id=\"521-c8\" class=\"h-global-transition-all h-heading style-924 style-local-521-c8 position-relative h-element\">\n                  <!---->\n                  <div class=\"h-heading__outer style-924 style-local-521-c8\">\n                    <!---->\n                    <!---->\n                    <h1 class=\"\">presentation&nbsp;<\/h1>\n                  <\/div>\n                <\/div>\n                <div data-colibri-id=\"521-c9\" class=\"h-text h-text-component style-915 style-local-521-c9 position-relative h-element\">\n                  <!---->\n                  <!---->\n                  <div class=\"\">\n                    <p>Je suis Alexandrin Dical, \u00e9tudiant en ce moment \u00e0 F2I pour un BTS SIO (Services informatiques aux organisations).<\/p>\n                    <p>Depuis mon enfance, l&#8217;informatique et les nouvelles technologies ont toujours exerc\u00e9 sur moi une fascination particuli\u00e8re.<\/p>\n                    <p>C&#8217;est donc tout naturellement que j&#8217;ai orient\u00e9 mes \u00e9tudes dans cette voie, motiv\u00e9 par ma passion et mes propres recherches dans ce domaine.<\/p>\n                    <p>\n                      <br>\n                    <\/p>\n                  <\/div>\n                <\/div>\n                <div data-colibri-id=\"521-c10\" class=\"h-x-container style-927 style-local-521-c10 position-relative h-element\">\n                  <!---->\n                  <div class=\"h-x-container-inner style-dynamic-521-c10-group style-927-spacing style-local-521-c10-spacing\"><span class=\"h-button__outer style-928-outer style-local-521-c11-outer d-inline-flex h-element\"><a h-use-smooth-scroll=\"true\" href=\"http:\/\/alexandrin-dical-portofolio.ovh\/wp-content\/uploads\/2023\/11\/Copie-de-alexandrin-dical-1.pdf\" target=\"_blank\" data-colibri-id=\"521-c11\" class=\"d-flex w-100 align-items-center h-button justify-content-lg-center justify-content-md-center justify-content-center style-928 style-local-521-c11 position-relative\" rel=\"noopener\"><!----><!----> <span>CV<\/span><\/a>\n                    <\/span>\n                  <\/div>\n                <\/div>\n              <\/div>\n            <\/div>\n          <\/div>\n          <div class=\"h-column h-column-container d-flex h-col-lg-auto h-col-md-auto h-col-auto style-913-outer style-local-521-c12-outer\">\n            <div data-colibri-id=\"521-c12\" class=\"d-flex h-flex-basis h-column__inner h-px-lg-2 h-px-md-2 h-px-2 v-inner-lg-2 v-inner-md-2 v-inner-2 style-913 style-local-521-c12 position-relative\">\n              <!---->\n              <!---->\n              <div class=\"w-100 h-y-container h-column__content h-column__v-align flex-basis-100 align-self-lg-start align-self-md-start align-self-start\">\n                <!---->\n                <div data-colibri-id=\"521-c13\" class=\"d-block style-914 style-local-521-c13 position-relative h-element\">\n                  <!---->\n                  <div class=\"h-image__frame-container-outer\">\n                    <div class=\"h-image__frame-container\">\n                      <!---->\n                      <!---->\n                      <img fetchpriority=\"high\" decoding=\"async\" width=\"600\" height=\"400\" src=\"http:\/\/alexandrin-dical-portofolio.ovh\/wp-content\/uploads\/2023\/11\/cropped-cropped-depositphotos_183278524-stock-photo-robot-and-human-hand-flash.webp\" class=\"wp-image-557 style-914-image style-local-521-c13-image\" alt=\"\" srcset=\"https:\/\/alexandrin-dical-portofolio.ovh\/wp-content\/uploads\/2023\/11\/cropped-cropped-depositphotos_183278524-stock-photo-robot-and-human-hand-flash.webp 600w, https:\/\/alexandrin-dical-portofolio.ovh\/wp-content\/uploads\/2023\/11\/cropped-cropped-depositphotos_183278524-stock-photo-robot-and-human-hand-flash-300x200.webp 300w\" sizes=\"(max-width: 600px) 100vw, 600px\" \/>\n                      <div class=\"h-image__frame h-hide-lg h-hide-md h-hide-sm style-914-frameImage style-local-521-c13-frameImage\"><\/div>\n                    <\/div>\n                  <\/div>\n                <\/div>\n              <\/div>\n            <\/div>\n          <\/div>\n        <\/div>\n      <\/div>\n    <\/div>\n  <\/div>\n<\/div>","protected":false},"excerpt":{"rendered":"<p>presentation&nbsp; Je suis Alexandrin Dical, \u00e9tudiant en ce moment \u00e0 F2I pour un BTS SIO (Services informatiques aux organisations). Depuis mon enfance, l&#8217;informatique et les nouvelles technologies ont toujours exerc\u00e9 sur moi une fascination particuli\u00e8re. C&#8217;est donc tout naturellement que j&#8217;ai orient\u00e9 mes \u00e9tudes dans cette voie, motiv\u00e9 par ma passion et mes propres recherches [&hellip;]<\/p>\n","protected":false},"author":1,"featured_media":0,"parent":0,"menu_order":0,"comment_status":"closed","ping_status":"closed","template":"page-templates\/full-width-page.php","meta":{"footnotes":""},"class_list":["post-521","page","type-page","status-publish","hentry"],"_links":{"self":[{"href":"https:\/\/alexandrin-dical-portofolio.ovh\/index.php\/wp-json\/wp\/v2\/pages\/521","targetHints":{"allow":["GET"]}}],"collection":[{"href":"https:\/\/alexandrin-dical-portofolio.ovh\/index.php\/wp-json\/wp\/v2\/pages"}],"about":[{"href":"https:\/\/alexandrin-dical-portofolio.ovh\/index.php\/wp-json\/wp\/v2\/types\/page"}],"author":[{"embeddable":true,"href":"https:\/\/alexandrin-dical-portofolio.ovh\/index.php\/wp-json\/wp\/v2\/users\/1"}],"replies":[{"embeddable":true,"href":"https:\/\/alexandrin-dical-portofolio.ovh\/index.php\/wp-json\/wp\/v2\/comments?post=521"}],"version-history":[{"count":20,"href":"https:\/\/alexandrin-dical-portofolio.ovh\/index.php\/wp-json\/wp\/v2\/pages\/521\/revisions"}],"predecessor-version":[{"id":1224,"href":"https:\/\/alexandrin-dical-portofolio.ovh\/index.php\/wp-json\/wp\/v2\/pages\/521\/revisions\/1224"}],"wp:attachment":[{"href":"https:\/\/alexandrin-dical-portofolio.ovh\/index.php\/wp-json\/wp\/v2\/media?parent=521"}],"curies":[{"name":"wp","href":"https:\/\/api.w.org\/{rel}","templated":true}]}}